{"id":119,"date":"2021-01-04T19:40:20","date_gmt":"2021-01-04T19:40:20","guid":{"rendered":"https:\/\/boeser-macht.de\/?page_id=119"},"modified":"2024-11-12T09:00:23","modified_gmt":"2024-11-12T09:00:23","slug":"kontakt","status":"publish","type":"page","link":"https:\/\/boeser-macht.de\/es\/kontakt","title":{"rendered":"Contacto"},"content":{"rendered":"<div data-elementor-type=\"wp-page\" data-elementor-id=\"119\" class=\"elementor elementor-119\">\n\t\t\t\t\t\t<section class=\"elementor-section elementor-top-section elementor-element elementor-element-456d72e1 elementor-section-boxed elementor-section-height-default elementor-section-height-default\" data-id=\"456d72e1\" data-element_type=\"section\" data-e-type=\"section\">\n\t\t\t\t\t\t<div class=\"elementor-container elementor-column-gap-default\">\n\t\t\t\t\t<div class=\"elementor-column elementor-col-100 elementor-top-column elementor-element elementor-element-300ae697\" data-id=\"300ae697\" data-element_type=\"column\" data-e-type=\"column\">\n\t\t\t<div class=\"elementor-widget-wrap elementor-element-populated\">\n\t\t\t\t\t\t<div class=\"elementor-element elementor-element-510b4a78 elementor-widget elementor-widget-text-editor\" data-id=\"510b4a78\" data-element_type=\"widget\" data-e-type=\"widget\" data-widget_type=\"text-editor.default\">\n\t\t\t\t<div class=\"elementor-widget-container\">\n\t\t\t\t\t\t\t\t\t<p><\/p>\n<p><strong>Direcci\u00f3n<\/strong><br \/>B\u00f6ser &amp; Macht Abogados<br \/>Essener Stra\u00dfe 102<br \/>Mockauer-Post-Passage<br \/>04357 Leipzig<\/p>\n<p><\/p>\n<p><\/p>\n<p>Tel\u00e9fono: 0341 60 22 975<br \/>N\u00famero de fax: 0341 60 22 974<br \/>E-Mail: ra@boeser-macht.de<\/p>\n<p><\/p>\n<p><\/p>\n<p><strong>Horarios de apertura<\/strong><br \/>Montag \u2013 Freitag: 9 \u201317 Uhr<br \/>Nach Terminabsprache<\/p>\n<p><\/p>\n<p><\/p>\n<p><\/p>\t\t\t\t\t\t\t\t<\/div>\n\t\t\t\t<\/div>\n\t\t\t\t\t<\/div>\n\t\t<\/div>\n\t\t\t\t\t<\/div>\n\t\t<\/section>\n\t\t\t\t<\/div>","protected":false},"excerpt":{"rendered":"<p>AnschriftB\u00f6ser &amp; Macht Rechtsanw\u00e4lteEssener Stra\u00dfe 102Mockauer-Post-Passage04357 Leipzig Telefon: 0341 60 22 975Fax-Nr.: 0341 60 22 974E-Mail: ra@boeser-macht.de \u00d6ffnungszeitenMontag \u2013 Freitag: 9 \u201317 UhrNach Terminabsprache<\/p>","protected":false},"author":1,"featured_media":0,"parent":0,"menu_order":0,"comment_status":"closed","ping_status":"closed","template":"","meta":{"saved_in_kubio":false,"footnotes":""},"class_list":["post-119","page","type-page","status-publish","hentry"],"kubio_ai_page_context":{"short_desc":"","purpose":"general"},"_links":{"self":[{"href":"https:\/\/boeser-macht.de\/es\/wp-json\/wp\/v2\/pages\/119","targetHints":{"allow":["GET"]}}],"collection":[{"href":"https:\/\/boeser-macht.de\/es\/wp-json\/wp\/v2\/pages"}],"about":[{"href":"https:\/\/boeser-macht.de\/es\/wp-json\/wp\/v2\/types\/page"}],"author":[{"embeddable":true,"href":"https:\/\/boeser-macht.de\/es\/wp-json\/wp\/v2\/users\/1"}],"replies":[{"embeddable":true,"href":"https:\/\/boeser-macht.de\/es\/wp-json\/wp\/v2\/comments?post=119"}],"version-history":[{"count":8,"href":"https:\/\/boeser-macht.de\/es\/wp-json\/wp\/v2\/pages\/119\/revisions"}],"predecessor-version":[{"id":190,"href":"https:\/\/boeser-macht.de\/es\/wp-json\/wp\/v2\/pages\/119\/revisions\/190"}],"wp:attachment":[{"href":"https:\/\/boeser-macht.de\/es\/wp-json\/wp\/v2\/media?parent=119"}],"curies":[{"name":"wp","href":"https:\/\/api.w.org\/{rel}","templated":true}]}}